{"id":13519,"date":"2020-04-26T02:13:08","date_gmt":"2020-04-26T01:13:08","guid":{"rendered":"https:\/\/www.crisp.se\/?page_id=13519"},"modified":"2024-02-06T11:46:24","modified_gmt":"2024-02-06T10:46:24","slug":"what-we-do","status":"publish","type":"page","link":"https:\/\/www.crisp.se\/en\/what-we-do","title":{"rendered":"What we do"},"content":{"rendered":"<section id=\"grid-container-block_604200ab9d2a6\" class=\"section center section--sm wp-content\">\n\t<div class=\"container\">\n\t\t<div class=\"row justify-content-center\">\n\t\t\t<div class=\"col-12 col-lg-8\">\n\t\t\t\t\t\n\n\n<p class=\"lead text-center\">Together we achieve sustainable change. We create lasting improvements to organizations, teams, individuals, products, services and technical platforms.<\/p>\n\n\n\n\t\t\t\t\t\t<\/div>\t\t<\/div>\t<\/div><\/section>\n\n\n<section id=\"text-and-image-block_6045f31edb475\" class=\"section section--sm\">\n\t<div class=\"container\">\n\t\t<div class=\"row align-items-center\">\n\t\t\t\t<div class=\"col-12 col-md-6 \">\n\t\t<h2 class=\"mb-5\">Coaching<\/h2>\n\t\t<div class=\"wp-content\">\n\t\t\t<p>The ability to adapt to a dynamic world is crucial to success. With agile working methods we help organizations, teams and leaders flourish.<\/p>\n<p><a href=\"https:\/\/www.crisp.se\/en\/what-we-do\/coaching\">More about coaching<\/a><\/p>\n\t\t<\/div>\n\t<\/div>\n\t\t<div class=\"col-12 col-md-6 text-center\">\n\t\t<figure class=\"img-container\">\n\t\t\t<img decoding=\"async\" src=\"https:\/\/www.crisp.se\/wp-content\/uploads\/2020\/05\/crisp-art-situation_bord_grund_no-bg.svg\" width=\"340\"  class=\"img-fluid\" \/>\t\t<\/figure>\n\t<\/div>\n\t\t\t<\/div>\n\t<\/div>\n<\/section>\n\n\n<section id=\"text-and-image-block_6045f3a6db476\" class=\"section section--sm\">\n\t<div class=\"container\">\n\t\t<div class=\"row align-items-center\">\n\t\t\t\t<div class=\"col-12 col-md-6 \">\n\t\t<h2 class=\"mb-5\">Transformation<\/h2>\n\t\t<div class=\"wp-content\">\n\t\t\t<p>Organizations are facing change in order to remain relevant and to cope with our ever-changing world. Crisp has assisted many organizations with this, and with Crisp as a partner in your journey, you gain the experience from those who have actually done this before.<\/p>\n<p><a href=\"https:\/\/www.crisp.se\/en\/productmodel\">More about transformation<\/a><\/p>\n\t\t<\/div>\n\t<\/div>\n\t\t<div class=\"col-12 col-md-6 text-center order-md-first\">\n\t\t<figure class=\"img-container\">\n\t\t\t<img decoding=\"async\" src=\"https:\/\/www.crisp.se\/wp-content\/uploads\/2020\/05\/crisp-art-situation_ring_grund_no-bg.svg\" width=\"340\"  class=\"img-fluid\" \/>\t\t<\/figure>\n\t<\/div>\n\t\t\t<\/div>\n\t<\/div>\n<\/section>\n\n\n<section id=\"text-and-image-block_65c20bfb573d9\" class=\"section section--sm\">\n\t<div class=\"container\">\n\t\t<div class=\"row align-items-center\">\n\t\t\t\t<div class=\"col-12 col-md-6 \">\n\t\t<h2 class=\"mb-5\">Training<\/h2>\n\t\t<div class=\"wp-content\">\n\t\t\t<p>Customized training is the energizer that makes your skills grow. We offer certifications, courses and tailor-made programs for individuals or entire teams. Take your agile ability to the next level.<\/p>\n<p><a href=\"https:\/\/www.crisp.se\/en\/what-we-do\/training\">Our courses<\/a><\/p>\n\t\t<\/div>\n\t<\/div>\n\t\t<div class=\"col-12 col-md-6 text-center\">\n\t\t<figure class=\"img-container\">\n\t\t\t<img decoding=\"async\" src=\"https:\/\/www.crisp.se\/wp-content\/uploads\/2020\/05\/crisp-art-situation_whiteboard_grund-no-bg.svg\" width=\"340\"  class=\"img-fluid\" \/>\t\t<\/figure>\n\t<\/div>\n\t\t\t<\/div>\n\t<\/div>\n<\/section>\n\n\n<section id=\"text-and-image-block_6045f415db477\" class=\"section section--sm\">\n\t<div class=\"container\">\n\t\t<div class=\"row align-items-center\">\n\t\t\t\t<div class=\"col-12 col-md-6 \">\n\t\t<h2 class=\"mb-5\">Engineering<\/h2>\n\t\t<div class=\"wp-content\">\n\t\t\t<p>Together, we modernize your technology and its architecture. We have the experience, knowledge and tools that make technical platforms scalable and efficient.<\/p>\n<p><a href=\"https:\/\/www.crisp.se\/en\/what-we-do\/engineering\">More about engineering<\/a><\/p>\n\t\t<\/div>\n\t<\/div>\n\t\t<div class=\"col-12 col-md-6 text-center order-md-first\">\n\t\t<figure class=\"img-container\">\n\t\t\t<img decoding=\"async\" src=\"https:\/\/www.crisp.se\/wp-content\/uploads\/2020\/05\/crisp-art-situation_whiteboard_grund-no-bg.svg\" width=\"340\"  class=\"img-fluid\" \/>\t\t<\/figure>\n\t<\/div>\n\t\t\t<\/div>\n\t<\/div>\n<\/section>\n\n<section id=\"grid-container-block_6045f43edb478\" class=\"section center bg-light section--sm wp-content\">\n\t<div class=\"container\">\n\t\t<div class=\"row justify-content-center\">\n\t\t\t<div class=\"col-12 col-lg-8\">\n\t\t\t\t\t\n\n\n<h2 class=\"wp-block-heading has-text-align-center\">We&#8217;ve done it before<\/h2>\n\n\n\n<p class=\"has-text-align-center\">Our experienced agile consultants have helped organizations, teams and employees thrive. Here are some examples.<\/p>\n\n\n\n\t\t\t\t\t\t<\/div>\t\t<\/div>\t<\/div><\/section>\n\n\t\t<section class=\"section section--case-stories\">\n\t\t\t<div class=\"container-lg\">\n\t\t\t\t<header class=\"section-header d-flex justify-content-between align-items-center mb-5\">\n\t\t\t\t\t<h2 class=\"section-title\">Case stories<\/h2>\n\t\t\t\t\t\t\t\t\t<\/header>\n\t\t\t<\/div>\n\t\t\t<div class=\"container-lg\">\n\t\t\t\t<div class=\"case-stories card-slider\">\n\t\t\t\t\t<article class=\"card bg-transparent border-0\">\n\t\t<div class=\"card-body\">\n\t\t\t<a href=\"https:\/\/www.crisp.se\/en\/kundcase\/leveling-up-leadership-a-5-year-journey-boosting-engagement-at-a-game-studio\" class=\"d-block mb-5 card-image-container\">\n\t\t\t\t<img decoding=\"async\" src=\"https:\/\/www.crisp.se\/wp-content\/uploads\/2025\/12\/IDG-2-Develop-Leadership-1024x896.jpg\" class=\"img-cover\">\n\t\t\t<\/a>\n\t\t\t<span class=\"d-block h6 text-primary\">Case story<\/span>\n\t\t\t<h3 class=\"card-title h4 mb-4\"><a href=\"https:\/\/www.crisp.se\/en\/kundcase\/leveling-up-leadership-a-5-year-journey-boosting-engagement-at-a-game-studio\">Leveling Up Leadership: A 5-Year Journey Boosting Engagement at a Game Studio<\/a><\/h3>\n\t\t\t<p class=\"card-text\">How a long-term leadership program helped build stronger leaders, increase engagement, and boost collaboration across teams. The Challenge: When Engagement Slipped, Leadership Stepped Up When the executive team at a large game studio noticed a dip in employee engagement in their biannual survey, they took it as a signal, not just a statistic. They knew [&hellip;]<\/p>\n\t\t<\/div>\n\t\t<div class=\"card-footer bg-transparent border-0\">\n\t\t\t<a href=\"https:\/\/www.crisp.se\/en\/kundcase\/leveling-up-leadership-a-5-year-journey-boosting-engagement-at-a-game-studio\" class=\"card-link link-arrow\">Read more<\/a>\n\t\t<\/div>\n\t<\/article>\n\t\t<article class=\"card bg-transparent border-0\">\n\t\t<div class=\"card-body\">\n\t\t\t<a href=\"https:\/\/www.crisp.se\/en\/kundcase\/how-beijer-electronics-transitioned-from-safe-to-empowered-product-teams\" class=\"d-block mb-5 card-image-container\">\n\t\t\t\t<img decoding=\"async\" src=\"https:\/\/www.crisp.se\/wp-content\/uploads\/2023\/10\/Screenshot-2023-10-05-at-16.02.53-1024x574.png\" class=\"img-cover\">\n\t\t\t<\/a>\n\t\t\t<span class=\"d-block h6 text-primary\">Case story<\/span>\n\t\t\t<h3 class=\"card-title h4 mb-4\"><a href=\"https:\/\/www.crisp.se\/en\/kundcase\/how-beijer-electronics-transitioned-from-safe-to-empowered-product-teams\">How Beijer Electronics transitioned from SAFe to empowered product teams<\/a><\/h3>\n\t\t\t<p class=\"card-text\">Discover the journey toward Empowered Product Teams About Beijer Electronics Beijer Electronics&nbsp;is a Swedish company that designs and manufactures human-machine interface terminals and automation software. The company is based in Malm\u00f6, with a presence in Europe, Asia, and the Americas.&nbsp; Learn how Beijer Electronics transitioned from&nbsp;silos,&nbsp;SAFe, and&nbsp;friction&nbsp;to a culture of&nbsp;collaboration,&nbsp;trust, and&nbsp;engagement. What you will take [&hellip;]<\/p>\n\t\t<\/div>\n\t\t<div class=\"card-footer bg-transparent border-0\">\n\t\t\t<a href=\"https:\/\/www.crisp.se\/en\/kundcase\/how-beijer-electronics-transitioned-from-safe-to-empowered-product-teams\" class=\"card-link link-arrow\">Read more<\/a>\n\t\t<\/div>\n\t<\/article>\n\t\t<article class=\"card bg-transparent border-0\">\n\t\t<div class=\"card-body\">\n\t\t\t<a href=\"https:\/\/www.crisp.se\/en\/kundcase\/ssgs-transformationsresa-mot-produktteam\" class=\"d-block mb-5 card-image-container\">\n\t\t\t\t<img decoding=\"async\" src=\"https:\/\/www.crisp.se\/wp-content\/uploads\/2023\/06\/SSG-Transformation-Journey-1024x576.png\" class=\"img-cover\">\n\t\t\t<\/a>\n\t\t\t<span class=\"d-block h6 text-primary\">Case story<\/span>\n\t\t\t<h3 class=\"card-title h4 mb-4\"><a href=\"https:\/\/www.crisp.se\/en\/kundcase\/ssgs-transformationsresa-mot-produktteam\">SSGs transformationsresa mot produktteam<\/a><\/h3>\n\t\t\t<p class=\"card-text\">Se den presentation som medlemmar av SSGs ledningsteam gjorde d\u00e4r de delade sina upplevelser och l\u00e4rdomar fr\u00e5n sin f\u00f6r\u00e4ndringsresa under tv\u00e5 \u00e5r. Hur \u00e4r det att g\u00f6ra en stor f\u00f6rflyttning fr\u00e5n agila leveransteam mot produktteam i en produktledd organisation, och hur kan det upplevas inifr\u00e5n? &nbsp;Du f\u00e5r h\u00f6ra fr\u00e5n Produktchef, IT-Chef och VD vilka motiv [&hellip;]<\/p>\n\t\t<\/div>\n\t\t<div class=\"card-footer bg-transparent border-0\">\n\t\t\t<a href=\"https:\/\/www.crisp.se\/en\/kundcase\/ssgs-transformationsresa-mot-produktteam\" class=\"card-link link-arrow\">Read more<\/a>\n\t\t<\/div>\n\t<\/article>\n\t\t\t\t\t<\/div>\n\t\t\t<\/div>\n\t\t<\/section>\n\t\t","protected":false},"excerpt":{"rendered":"<p>Together we achieve sustainable change. We create lasting improvements to organizations, teams, individuals, products, services and technical platforms. We&#8217;ve done it before Our experienced agile consultants have helped organizations, teams and employees thrive. Here are some examples.<\/p>\n","protected":false},"author":80,"featured_media":0,"parent":0,"menu_order":0,"comment_status":"open","ping_status":"open","template":"page-templates\/blocks-page.php","meta":{"_acf_changed":false,"footnotes":""},"class_list":["post-13519","page","type-page","status-publish","hentry"],"acf":[],"aioseo_notices":[],"_links":{"self":[{"href":"https:\/\/www.crisp.se\/en\/wp-json\/wp\/v2\/pages\/13519","targetHints":{"allow":["GET"]}}],"collection":[{"href":"https:\/\/www.crisp.se\/en\/wp-json\/wp\/v2\/pages"}],"about":[{"href":"https:\/\/www.crisp.se\/en\/wp-json\/wp\/v2\/types\/page"}],"author":[{"embeddable":true,"href":"https:\/\/www.crisp.se\/en\/wp-json\/wp\/v2\/users\/80"}],"replies":[{"embeddable":true,"href":"https:\/\/www.crisp.se\/en\/wp-json\/wp\/v2\/comments?post=13519"}],"version-history":[{"count":0,"href":"https:\/\/www.crisp.se\/en\/wp-json\/wp\/v2\/pages\/13519\/revisions"}],"wp:attachment":[{"href":"https:\/\/www.crisp.se\/en\/wp-json\/wp\/v2\/media?parent=13519"}],"curies":[{"name":"wp","href":"https:\/\/api.w.org\/{rel}","templated":true}]}}